{"id":31,"date":"2015-04-03T02:12:56","date_gmt":"2015-04-03T02:12:56","guid":{"rendered":"http:\/\/demo.wpsmartapps.com\/themes\/manual\/?page_id=31"},"modified":"2026-03-11T14:09:42","modified_gmt":"2026-03-11T18:09:42","slug":"knowledgebase","status":"publish","type":"page","link":"https:\/\/base.com\/hu-HU\/blog\/","title":{"rendered":"Tud\u00e1sb\u00e1zis"},"content":{"rendered":"","protected":false},"excerpt":{"rendered":"","protected":false},"author":18,"featured_media":0,"parent":0,"menu_order":0,"comment_status":"closed","ping_status":"closed","template":"","meta":{"_acf_changed":false,"inline_featured_image":false,"footnotes":""},"class_list":["post-31","page","type-page","status-publish","hentry"],"acf":[],"yoast_head":"<!-- This site is optimized with the Yoast SEO plugin v27.2 - https:\/\/yoast.com\/product\/yoast-seo-wordpress\/ -->\n<title>Tud\u00e1sb\u00e1zis - Base Blog<\/title>\n<meta name=\"robots\" content=\"index, follow, max-snippet:-1, max-image-preview:large, max-video-preview:-1\" \/>\n<link rel=\"canonical\" href=\"https:\/\/base.com\/hu-HU\/blog\/\" \/>\n<meta property=\"og:locale\" content=\"hu_HU\" \/>\n<meta property=\"og:type\" content=\"article\" \/>\n<meta property=\"og:title\" content=\"Tud\u00e1sb\u00e1zis - Base Blog\" \/>\n<meta property=\"og:url\" content=\"https:\/\/base.com\/hu-HU\/blog\/\" \/>\n<meta property=\"og:site_name\" content=\"Base Blog\" \/>\n<meta property=\"article:modified_time\" content=\"2026-03-11T18:09:42+00:00\" \/>\n<meta name=\"twitter:card\" content=\"summary_large_image\" \/>\n<script type=\"application\/ld+json\" class=\"yoast-schema-graph\">{\"@context\":\"https:\/\/schema.org\",\"@graph\":[{\"@type\":\"WebPage\",\"@id\":\"https:\/\/base.com\/hu-HU\/blog\/\",\"url\":\"https:\/\/base.com\/hu-HU\/blog\/\",\"name\":\"Tud\u00e1sb\u00e1zis - Base Blog\",\"isPartOf\":{\"@id\":\"https:\/\/base.com\/hu-HU\/blog\/#website\"},\"datePublished\":\"2015-04-03T02:12:56+00:00\",\"dateModified\":\"2026-03-11T18:09:42+00:00\",\"breadcrumb\":{\"@id\":\"https:\/\/base.com\/hu-HU\/blog\/#breadcrumb\"},\"inLanguage\":\"hu\",\"potentialAction\":[{\"@type\":\"ReadAction\",\"target\":[\"https:\/\/base.com\/hu-HU\/blog\/\"]}]},{\"@type\":\"BreadcrumbList\",\"@id\":\"https:\/\/base.com\/hu-HU\/blog\/#breadcrumb\",\"itemListElement\":[{\"@type\":\"ListItem\",\"position\":1,\"name\":\"base.blog\",\"item\":\"https:\/\/base.com\/hu-HU\/blog\/\"},{\"@type\":\"ListItem\",\"position\":2,\"name\":\"Tud\u00e1sb\u00e1zis\"}]},{\"@type\":\"WebSite\",\"@id\":\"https:\/\/base.com\/hu-HU\/blog\/#website\",\"url\":\"https:\/\/base.com\/hu-HU\/blog\/\",\"name\":\"Base Blog\",\"description\":\"\u00dajdons\u00e1gok a Base-ben \u00e9s e-kereskedelmi friss\u00edt\u00e9sek\",\"publisher\":{\"@id\":\"https:\/\/base.com\/hu-HU\/blog\/#organization\"},\"potentialAction\":[{\"@type\":\"SearchAction\",\"target\":{\"@type\":\"EntryPoint\",\"urlTemplate\":\"https:\/\/base.com\/hu-HU\/blog\/?s={search_term_string}\"},\"query-input\":{\"@type\":\"PropertyValueSpecification\",\"valueRequired\":true,\"valueName\":\"search_term_string\"}}],\"inLanguage\":\"hu\"},{\"@type\":\"Organization\",\"@id\":\"https:\/\/base.com\/hu-HU\/blog\/#organization\",\"name\":\"Base.com Blog\",\"alternateName\":\"Base.com\",\"url\":\"https:\/\/base.com\/hu-HU\/blog\/\",\"logo\":{\"@type\":\"ImageObject\",\"inLanguage\":\"hu\",\"@id\":\"https:\/\/base.com\/hu-HU\/blog\/#\/schema\/logo\/image\/\",\"url\":\"https:\/\/base.com\/hu-HU\/blog\/wp-content\/uploads\/2025\/10\/android-icon-512x512-1-300x300-1.png\",\"contentUrl\":\"https:\/\/base.com\/hu-HU\/blog\/wp-content\/uploads\/2025\/10\/android-icon-512x512-1-300x300-1.png\",\"width\":300,\"height\":300,\"caption\":\"Base.com Blog\"},\"image\":{\"@id\":\"https:\/\/base.com\/hu-HU\/blog\/#\/schema\/logo\/image\/\"}}]}<\/script>\n<!-- \/ Yoast SEO plugin. -->","yoast_head_json":{"title":"Tud\u00e1sb\u00e1zis - Base Blog","robots":{"index":"index","follow":"follow","max-snippet":"max-snippet:-1","max-image-preview":"max-image-preview:large","max-video-preview":"max-video-preview:-1"},"canonical":"https:\/\/base.com\/hu-HU\/blog\/","og_locale":"hu_HU","og_type":"article","og_title":"Tud\u00e1sb\u00e1zis - Base Blog","og_url":"https:\/\/base.com\/hu-HU\/blog\/","og_site_name":"Base Blog","article_modified_time":"2026-03-11T18:09:42+00:00","twitter_card":"summary_large_image","schema":{"@context":"https:\/\/schema.org","@graph":[{"@type":"WebPage","@id":"https:\/\/base.com\/hu-HU\/blog\/","url":"https:\/\/base.com\/hu-HU\/blog\/","name":"Tud\u00e1sb\u00e1zis - Base Blog","isPartOf":{"@id":"https:\/\/base.com\/hu-HU\/blog\/#website"},"datePublished":"2015-04-03T02:12:56+00:00","dateModified":"2026-03-11T18:09:42+00:00","breadcrumb":{"@id":"https:\/\/base.com\/hu-HU\/blog\/#breadcrumb"},"inLanguage":"hu","potentialAction":[{"@type":"ReadAction","target":["https:\/\/base.com\/hu-HU\/blog\/"]}]},{"@type":"BreadcrumbList","@id":"https:\/\/base.com\/hu-HU\/blog\/#breadcrumb","itemListElement":[{"@type":"ListItem","position":1,"name":"base.blog","item":"https:\/\/base.com\/hu-HU\/blog\/"},{"@type":"ListItem","position":2,"name":"Tud\u00e1sb\u00e1zis"}]},{"@type":"WebSite","@id":"https:\/\/base.com\/hu-HU\/blog\/#website","url":"https:\/\/base.com\/hu-HU\/blog\/","name":"Base Blog","description":"\u00dajdons\u00e1gok a Base-ben \u00e9s e-kereskedelmi friss\u00edt\u00e9sek","publisher":{"@id":"https:\/\/base.com\/hu-HU\/blog\/#organization"},"potentialAction":[{"@type":"SearchAction","target":{"@type":"EntryPoint","urlTemplate":"https:\/\/base.com\/hu-HU\/blog\/?s={search_term_string}"},"query-input":{"@type":"PropertyValueSpecification","valueRequired":true,"valueName":"search_term_string"}}],"inLanguage":"hu"},{"@type":"Organization","@id":"https:\/\/base.com\/hu-HU\/blog\/#organization","name":"Base.com Blog","alternateName":"Base.com","url":"https:\/\/base.com\/hu-HU\/blog\/","logo":{"@type":"ImageObject","inLanguage":"hu","@id":"https:\/\/base.com\/hu-HU\/blog\/#\/schema\/logo\/image\/","url":"https:\/\/base.com\/hu-HU\/blog\/wp-content\/uploads\/2025\/10\/android-icon-512x512-1-300x300-1.png","contentUrl":"https:\/\/base.com\/hu-HU\/blog\/wp-content\/uploads\/2025\/10\/android-icon-512x512-1-300x300-1.png","width":300,"height":300,"caption":"Base.com Blog"},"image":{"@id":"https:\/\/base.com\/hu-HU\/blog\/#\/schema\/logo\/image\/"}}]}},"_links":{"self":[{"href":"https:\/\/base.com\/hu-HU\/blog\/wp-json\/wp\/v2\/pages\/31","targetHints":{"allow":["GET"]}}],"collection":[{"href":"https:\/\/base.com\/hu-HU\/blog\/wp-json\/wp\/v2\/pages"}],"about":[{"href":"https:\/\/base.com\/hu-HU\/blog\/wp-json\/wp\/v2\/types\/page"}],"author":[{"embeddable":true,"href":"https:\/\/base.com\/hu-HU\/blog\/wp-json\/wp\/v2\/users\/18"}],"replies":[{"embeddable":true,"href":"https:\/\/base.com\/hu-HU\/blog\/wp-json\/wp\/v2\/comments?post=31"}],"version-history":[{"count":3,"href":"https:\/\/base.com\/hu-HU\/blog\/wp-json\/wp\/v2\/pages\/31\/revisions"}],"predecessor-version":[{"id":18704,"href":"https:\/\/base.com\/hu-HU\/blog\/wp-json\/wp\/v2\/pages\/31\/revisions\/18704"}],"wp:attachment":[{"href":"https:\/\/base.com\/hu-HU\/blog\/wp-json\/wp\/v2\/media?parent=31"}],"curies":[{"name":"wp","href":"https:\/\/api.w.org\/{rel}","templated":true}]}}